{"id":1130,"date":"2021-11-03T14:30:55","date_gmt":"2021-11-03T14:30:55","guid":{"rendered":"https:\/\/shiftup.qodeinteractive.com\/?page_id=1130"},"modified":"2026-03-06T11:07:30","modified_gmt":"2026-03-06T11:07:30","slug":"rolunk","status":"publish","type":"page","link":"https:\/\/helpcar.hu\/staging\/rolunk\/","title":{"rendered":"R\u00f3lunk"},"content":{"rendered":"\t\t<div data-elementor-type=\"wp-page\" data-elementor-id=\"1130\" class=\"elementor elementor-1130\" data-elementor-post-type=\"page\">\n\t\t\t\t<div class=\"elementor-element elementor-element-c23923f qodef-btt-light qodef-elementor-content-grid e-flex e-con-boxed e-con e-parent\" data-id=\"c23923f\" data-element_type=\"container\" data-e-type=\"container\">\n\t\t\t\t\t<div class=\"e-con-inner\">\n\t\t<div class=\"elementor-element elementor-element-02486be e-con-full e-flex qodef-elementor-content-no e-con e-child\" data-id=\"02486be\" data-element_type=\"container\" data-e-type=\"container\">\n\t\t\t\t<div class=\"elementor-element elementor-element-22acc2c elementor-widget elementor-widget-qi_addons_for_elementor_animated_text\" data-id=\"22acc2c\" data-element_type=\"widget\" data-e-type=\"widget\" data-widget_type=\"qi_addons_for_elementor_animated_text.default\">\n\t\t\t\t<div class=\"elementor-widget-container\">\n\t\t\t\t\t<div class=\"qodef-shortcode qodef-m qodef-qi-animated-text qodef--alignment-left qodef-qi--has-appear qodef--appear-from-bottom\" >\n\t\t<h1 class=\"qodef-m-title\">\n\t\tR\u00f3lunk\t<\/h1>\n<\/div>\n\t\t\t\t<\/div>\n\t\t\t\t<\/div>\n\t\t\t\t<div class=\"elementor-element elementor-element-f0f5c9b elementor-hidden-mobile elementor-widget elementor-widget-sidebar\" data-id=\"f0f5c9b\" data-element_type=\"widget\" data-e-type=\"widget\" data-widget_type=\"sidebar.default\">\n\t\t\t\t\t<div class=\"widget widget_block\" data-area=\"services\"><div style=\"background-color: #eeeeee; padding: 35px 35px;\">\n<h4 style=\"line-height: 1.15em;\">Tov\u00e1bbi<br>\nk\u00e9rd\u00e9s\u00e9vel vegye<br>\nfel vel\u00fcnk a kapcsolatot.<\/h4>\n<p style=\"margin:0px;\">Telefonsz\u00e1m:<\/p>\n<h4 style=\"margin:6px 0 0 0;\"><a style=\"color:#000;\" href=\"tel:+36209558116;\">+36 20 955 8116<\/a><\/h4>\n<p style=\"margin:0px;\">Email<\/p>\n<h4 style=\"margin:6px 0 0 0;\"><a style=\"color:#000;\" href=\"mailto:info@helpcar.hu;\">info@helpcar.hu<\/a><\/h4>\n<\/div><\/div>\t\t\t\t<\/div>\n\t\t\t\t<\/div>\n\t\t<div class=\"elementor-element elementor-element-ef48165 e-con-full e-flex qodef-elementor-content-no e-con e-child\" data-id=\"ef48165\" data-element_type=\"container\" data-e-type=\"container\">\n\t\t\t\t<div class=\"elementor-element elementor-element-737d4ab elementor-widget elementor-widget-text-editor\" data-id=\"737d4ab\" data-element_type=\"widget\" data-e-type=\"widget\" data-widget_type=\"text-editor.default\">\n\t\t\t\t\t\t\t\t\t<p>T\u00f6bb mint 25 \u00e9ve dolgozunk azon, hogy \u00fcgyfeleink aut\u00f3i mindig biztons\u00e1gosan \u00e9s megb\u00edzhat\u00f3an k\u00f6zlekedjenek. Ez a t\u00f6bb \u00e9vtizedes tapasztalat nemcsak szakmai tud\u00e1st, hanem bizalmat \u00e9s stabilit\u00e1st is jelent. <br \/><br \/>\u00dcgyfeleink tudj\u00e1k, hogy j\u00e1rm\u0171v\u00fck n\u00e1lunk a j\u00f3 kezekben van. Szerviz\u00fcnkben a hagyom\u00e1nyos \u00e9rt\u00e9keket \u00f6tv\u00f6zz\u00fck a modern technol\u00f3gi\u00e1val. Folyamatos szakmai tov\u00e1bbk\u00e9pz\u00e9seinknek k\u00f6sz\u00f6nhet\u0151en mindig naprak\u00e9szen k\u00f6vetj\u00fck az aut\u00f3ipar leg\u00fajabb fejleszt\u00e9seit, \u00edgy a legkorszer\u0171bb megold\u00e1sokat k\u00edn\u00e1ljuk minden jav\u00edt\u00e1s \u00e9s karbantart\u00e1s sor\u00e1n.<br \/><br \/>Legyen sz\u00f3 fut\u00f3m\u0171r\u0151l, f\u00e9kr\u0151l, motor \u00e9s v\u00e1lt\u00f3jav\u00edt\u00e1sr\u00f3l, kl\u00edmakarbantart\u00e1sr\u00f3l vagy ak\u00e1r karossz\u00e9ria-f\u00e9nyez\u00e9sr\u0151l, k\u00e1r\u00fcgyint\u00e9z\u00e9sr\u0151l minden munk\u00e1t prec\u00edzen \u00e9s lelkiismeretesen v\u00e9gz\u00fcnk.C\u00e9lunk, hogy \u00fcgyfeleink ne csak egy szervizt l\u00e1ssanak benn\u00fcnk, hanem egy megb\u00edzhat\u00f3 partnert, aki hossz\u00fa t\u00e1von gondoskodik aut\u00f3juk \u00e1llapot\u00e1r\u00f3l. Sz\u00e1munkra a biztons\u00e1g, a min\u0151s\u00e9g \u00e9s az \u00fcgyf\u00e9l-el\u00e9gedetts\u00e9g a legfontosabb \u00e9rt\u00e9kek, amelyek minden szolg\u00e1ltat\u00e1sunk alapj\u00e1t k\u00e9pezik. <br \/><br \/>Heltai P\u00e9ter &#8211; \u00dcgyvezet\u0151 ,aut\u00f3szerel\u0151 technikus<\/p>\t\t\t\t\t\t\t\t<\/div>\n\t\t\t\t<\/div>\n\t\t\t\t\t<\/div>\n\t\t\t\t<\/div>\n\t\t\t\t<\/div>\n\t\t","protected":false},"excerpt":{"rendered":"<p>R\u00f3lunk T\u00f6bb mint 25 \u00e9ve dolgozunk azon, hogy \u00fcgyfeleink aut\u00f3i mindig biztons\u00e1gosan \u00e9s megb\u00edzhat\u00f3an k\u00f6zlekedjenek. Ez a t\u00f6bb \u00e9vtizedes tapasztalat nemcsak szakmai tud\u00e1st, hanem bizalmat \u00e9s stabilit\u00e1st is jelent. \u00dcgyfeleink tudj\u00e1k, hogy j\u00e1rm\u0171v\u00fck n\u00e1lunk a j\u00f3 kezekben van. Szerviz\u00fcnkben a hagyom\u00e1nyos \u00e9rt\u00e9keket \u00f6tv\u00f6zz\u00fck a modern technol\u00f3gi\u00e1val. Folyamatos szakmai tov\u00e1bbk\u00e9pz\u00e9seinknek k\u00f6sz\u00f6nhet\u0151en mindig naprak\u00e9szen k\u00f6vetj\u00fck az aut\u00f3ipar [&hellip;]<\/p>\n","protected":false},"author":1,"featured_media":0,"parent":0,"menu_order":0,"comment_status":"closed","ping_status":"closed","template":"page-full-width.php","meta":{"footnotes":""},"class_list":["post-1130","page","type-page","status-publish","hentry"],"yoast_head":"<!-- This site is optimized with the Yoast SEO plugin v27.3 - https:\/\/yoast.com\/product\/yoast-seo-wordpress\/ -->\n<title>R\u00f3lunk - Help Car Service KFt.<\/title>\n<meta name=\"robots\" content=\"noindex, follow, max-snippet:-1, max-image-preview:large, max-video-preview:-1\" \/>\n<meta property=\"og:locale\" content=\"hu_HU\" \/>\n<meta property=\"og:type\" content=\"article\" \/>\n<meta property=\"og:title\" content=\"R\u00f3lunk - Help Car Service KFt.\" \/>\n<meta property=\"og:description\" content=\"R\u00f3lunk T\u00f6bb mint 25 \u00e9ve dolgozunk azon, hogy \u00fcgyfeleink aut\u00f3i mindig biztons\u00e1gosan \u00e9s megb\u00edzhat\u00f3an k\u00f6zlekedjenek. Ez a t\u00f6bb \u00e9vtizedes tapasztalat nemcsak szakmai tud\u00e1st, hanem bizalmat \u00e9s stabilit\u00e1st is jelent. \u00dcgyfeleink tudj\u00e1k, hogy j\u00e1rm\u0171v\u00fck n\u00e1lunk a j\u00f3 kezekben van. Szerviz\u00fcnkben a hagyom\u00e1nyos \u00e9rt\u00e9keket \u00f6tv\u00f6zz\u00fck a modern technol\u00f3gi\u00e1val. Folyamatos szakmai tov\u00e1bbk\u00e9pz\u00e9seinknek k\u00f6sz\u00f6nhet\u0151en mindig naprak\u00e9szen k\u00f6vetj\u00fck az aut\u00f3ipar [&hellip;]\" \/>\n<meta property=\"og:url\" content=\"https:\/\/helpcar.hu\/staging\/rolunk\/\" \/>\n<meta property=\"og:site_name\" content=\"Help Car Service KFt.\" \/>\n<meta property=\"article:modified_time\" content=\"2026-03-06T11:07:30+00:00\" \/>\n<meta name=\"twitter:card\" content=\"summary_large_image\" \/>\n<meta name=\"twitter:label1\" content=\"Becs\u00fclt olvas\u00e1si id\u0151\" \/>\n\t<meta name=\"twitter:data1\" content=\"1 perc\" \/>\n<script type=\"application\/ld+json\" class=\"yoast-schema-graph\">{\"@context\":\"https:\\\/\\\/schema.org\",\"@graph\":[{\"@type\":\"WebPage\",\"@id\":\"https:\\\/\\\/helpcar.hu\\\/staging\\\/rolunk\\\/\",\"url\":\"https:\\\/\\\/helpcar.hu\\\/staging\\\/rolunk\\\/\",\"name\":\"R\u00f3lunk - Help Car Service KFt.\",\"isPartOf\":{\"@id\":\"https:\\\/\\\/helpcar.hu\\\/staging\\\/#website\"},\"datePublished\":\"2021-11-03T14:30:55+00:00\",\"dateModified\":\"2026-03-06T11:07:30+00:00\",\"breadcrumb\":{\"@id\":\"https:\\\/\\\/helpcar.hu\\\/staging\\\/rolunk\\\/#breadcrumb\"},\"inLanguage\":\"hu\",\"potentialAction\":[{\"@type\":\"ReadAction\",\"target\":[\"https:\\\/\\\/helpcar.hu\\\/staging\\\/rolunk\\\/\"]}]},{\"@type\":\"BreadcrumbList\",\"@id\":\"https:\\\/\\\/helpcar.hu\\\/staging\\\/rolunk\\\/#breadcrumb\",\"itemListElement\":[{\"@type\":\"ListItem\",\"position\":1,\"name\":\"Kezd\u0151lap\",\"item\":\"https:\\\/\\\/helpcar.hu\\\/staging\\\/\"},{\"@type\":\"ListItem\",\"position\":2,\"name\":\"R\u00f3lunk\"}]},{\"@type\":\"WebSite\",\"@id\":\"https:\\\/\\\/helpcar.hu\\\/staging\\\/#website\",\"url\":\"https:\\\/\\\/helpcar.hu\\\/staging\\\/\",\"name\":\"Help Car Service KFt.\",\"description\":\"\",\"publisher\":{\"@id\":\"https:\\\/\\\/helpcar.hu\\\/staging\\\/#organization\"},\"potentialAction\":[{\"@type\":\"SearchAction\",\"target\":{\"@type\":\"EntryPoint\",\"urlTemplate\":\"https:\\\/\\\/helpcar.hu\\\/staging\\\/?s={search_term_string}\"},\"query-input\":{\"@type\":\"PropertyValueSpecification\",\"valueRequired\":true,\"valueName\":\"search_term_string\"}}],\"inLanguage\":\"hu\"},{\"@type\":\"Organization\",\"@id\":\"https:\\\/\\\/helpcar.hu\\\/staging\\\/#organization\",\"name\":\"Help Car Service KFt.\",\"url\":\"https:\\\/\\\/helpcar.hu\\\/staging\\\/\",\"logo\":{\"@type\":\"ImageObject\",\"inLanguage\":\"hu\",\"@id\":\"https:\\\/\\\/helpcar.hu\\\/staging\\\/#\\\/schema\\\/logo\\\/image\\\/\",\"url\":\"https:\\\/\\\/helpcar.hu\\\/staging\\\/wp-content\\\/uploads\\\/2026\\\/03\\\/FEHER-2.png\",\"contentUrl\":\"https:\\\/\\\/helpcar.hu\\\/staging\\\/wp-content\\\/uploads\\\/2026\\\/03\\\/FEHER-2.png\",\"width\":1946,\"height\":467,\"caption\":\"Help Car Service KFt.\"},\"image\":{\"@id\":\"https:\\\/\\\/helpcar.hu\\\/staging\\\/#\\\/schema\\\/logo\\\/image\\\/\"}}]}<\/script>\n<!-- \/ Yoast SEO plugin. -->","yoast_head_json":{"title":"R\u00f3lunk - Help Car Service KFt.","robots":{"index":"noindex","follow":"follow","max-snippet":"max-snippet:-1","max-image-preview":"max-image-preview:large","max-video-preview":"max-video-preview:-1"},"og_locale":"hu_HU","og_type":"article","og_title":"R\u00f3lunk - Help Car Service KFt.","og_description":"R\u00f3lunk T\u00f6bb mint 25 \u00e9ve dolgozunk azon, hogy \u00fcgyfeleink aut\u00f3i mindig biztons\u00e1gosan \u00e9s megb\u00edzhat\u00f3an k\u00f6zlekedjenek. Ez a t\u00f6bb \u00e9vtizedes tapasztalat nemcsak szakmai tud\u00e1st, hanem bizalmat \u00e9s stabilit\u00e1st is jelent. \u00dcgyfeleink tudj\u00e1k, hogy j\u00e1rm\u0171v\u00fck n\u00e1lunk a j\u00f3 kezekben van. Szerviz\u00fcnkben a hagyom\u00e1nyos \u00e9rt\u00e9keket \u00f6tv\u00f6zz\u00fck a modern technol\u00f3gi\u00e1val. Folyamatos szakmai tov\u00e1bbk\u00e9pz\u00e9seinknek k\u00f6sz\u00f6nhet\u0151en mindig naprak\u00e9szen k\u00f6vetj\u00fck az aut\u00f3ipar [&hellip;]","og_url":"https:\/\/helpcar.hu\/staging\/rolunk\/","og_site_name":"Help Car Service KFt.","article_modified_time":"2026-03-06T11:07:30+00:00","twitter_card":"summary_large_image","twitter_misc":{"Becs\u00fclt olvas\u00e1si id\u0151":"1 perc"},"schema":{"@context":"https:\/\/schema.org","@graph":[{"@type":"WebPage","@id":"https:\/\/helpcar.hu\/staging\/rolunk\/","url":"https:\/\/helpcar.hu\/staging\/rolunk\/","name":"R\u00f3lunk - Help Car Service KFt.","isPartOf":{"@id":"https:\/\/helpcar.hu\/staging\/#website"},"datePublished":"2021-11-03T14:30:55+00:00","dateModified":"2026-03-06T11:07:30+00:00","breadcrumb":{"@id":"https:\/\/helpcar.hu\/staging\/rolunk\/#breadcrumb"},"inLanguage":"hu","potentialAction":[{"@type":"ReadAction","target":["https:\/\/helpcar.hu\/staging\/rolunk\/"]}]},{"@type":"BreadcrumbList","@id":"https:\/\/helpcar.hu\/staging\/rolunk\/#breadcrumb","itemListElement":[{"@type":"ListItem","position":1,"name":"Kezd\u0151lap","item":"https:\/\/helpcar.hu\/staging\/"},{"@type":"ListItem","position":2,"name":"R\u00f3lunk"}]},{"@type":"WebSite","@id":"https:\/\/helpcar.hu\/staging\/#website","url":"https:\/\/helpcar.hu\/staging\/","name":"Help Car Service KFt.","description":"","publisher":{"@id":"https:\/\/helpcar.hu\/staging\/#organization"},"potentialAction":[{"@type":"SearchAction","target":{"@type":"EntryPoint","urlTemplate":"https:\/\/helpcar.hu\/staging\/?s={search_term_string}"},"query-input":{"@type":"PropertyValueSpecification","valueRequired":true,"valueName":"search_term_string"}}],"inLanguage":"hu"},{"@type":"Organization","@id":"https:\/\/helpcar.hu\/staging\/#organization","name":"Help Car Service KFt.","url":"https:\/\/helpcar.hu\/staging\/","logo":{"@type":"ImageObject","inLanguage":"hu","@id":"https:\/\/helpcar.hu\/staging\/#\/schema\/logo\/image\/","url":"https:\/\/helpcar.hu\/staging\/wp-content\/uploads\/2026\/03\/FEHER-2.png","contentUrl":"https:\/\/helpcar.hu\/staging\/wp-content\/uploads\/2026\/03\/FEHER-2.png","width":1946,"height":467,"caption":"Help Car Service KFt."},"image":{"@id":"https:\/\/helpcar.hu\/staging\/#\/schema\/logo\/image\/"}}]}},"_links":{"self":[{"href":"https:\/\/helpcar.hu\/staging\/wp-json\/wp\/v2\/pages\/1130","targetHints":{"allow":["GET"]}}],"collection":[{"href":"https:\/\/helpcar.hu\/staging\/wp-json\/wp\/v2\/pages"}],"about":[{"href":"https:\/\/helpcar.hu\/staging\/wp-json\/wp\/v2\/types\/page"}],"author":[{"embeddable":true,"href":"https:\/\/helpcar.hu\/staging\/wp-json\/wp\/v2\/users\/1"}],"replies":[{"embeddable":true,"href":"https:\/\/helpcar.hu\/staging\/wp-json\/wp\/v2\/comments?post=1130"}],"version-history":[{"count":43,"href":"https:\/\/helpcar.hu\/staging\/wp-json\/wp\/v2\/pages\/1130\/revisions"}],"predecessor-version":[{"id":7008,"href":"https:\/\/helpcar.hu\/staging\/wp-json\/wp\/v2\/pages\/1130\/revisions\/7008"}],"wp:attachment":[{"href":"https:\/\/helpcar.hu\/staging\/wp-json\/wp\/v2\/media?parent=1130"}],"curies":[{"name":"wp","href":"https:\/\/api.w.org\/{rel}","templated":true}]}}