{"id":1803,"date":"2025-11-04T14:15:29","date_gmt":"2025-11-04T14:15:29","guid":{"rendered":"https:\/\/shiftup.qodeinteractive.com\/?page_id=1803"},"modified":"2026-03-05T10:30:48","modified_gmt":"2026-03-05T10:30:48","slug":"ajanlatkeres","status":"publish","type":"page","link":"https:\/\/helpcar.hu\/staging\/ajanlatkeres\/","title":{"rendered":"Aj\u00e1nlatk\u00e9r\u00e9s"},"content":{"rendered":"\t\t<div data-elementor-type=\"wp-page\" data-elementor-id=\"1803\" class=\"elementor elementor-1803\" data-elementor-post-type=\"page\">\n\t\t\t\t\t\t<section class=\"elementor-section elementor-top-section elementor-element elementor-element-bbdf042 elementor-section-full_width qodef-elementor-content-grid elementor-section-height-default elementor-section-height-default\" data-id=\"bbdf042\" data-element_type=\"section\" data-e-type=\"section\">\n\t\t\t\t\t\t<div class=\"elementor-container elementor-column-gap-default\">\n\t\t\t\t\t<div class=\"elementor-column elementor-col-50 elementor-top-column elementor-element elementor-element-3750eb9\" data-id=\"3750eb9\" data-element_type=\"column\" data-e-type=\"column\">\n\t\t\t<div class=\"elementor-widget-wrap elementor-element-populated\">\n\t\t\t\t\t\t<div class=\"elementor-element elementor-element-89cf2a0 elementor-widget__width-initial elementor-widget elementor-widget-shiftup_core_section_title\" data-id=\"89cf2a0\" data-element_type=\"widget\" data-e-type=\"widget\" data-widget_type=\"shiftup_core_section_title.default\">\n\t\t\t\t<div class=\"elementor-widget-container\">\n\t\t\t\t\t<div class=\"qodef-shortcode qodef-m qodef-section-title qodef-alignment--left\">\n\t\t<h2 class=\"qodef-m-title\" >\n\t\t\t\t\taj\u00e1nlatk\u00e9r\u00e9s\t\t\t<\/h2>\n\t<\/div>\n\t\t\t\t<\/div>\n\t\t\t\t<\/div>\n\t\t\t\t<div class=\"elementor-element elementor-element-aaf7917 elementor-widget elementor-widget-spacer\" data-id=\"aaf7917\" data-element_type=\"widget\" data-e-type=\"widget\" data-widget_type=\"spacer.default\">\n\t\t\t\t\t\t\t<div class=\"elementor-spacer\">\n\t\t\t<div class=\"elementor-spacer-inner\"><\/div>\n\t\t<\/div>\n\t\t\t\t\t\t<\/div>\n\t\t\t\t<div class=\"elementor-element elementor-element-a5c33d5 elementor-widget elementor-widget-image\" data-id=\"a5c33d5\" data-element_type=\"widget\" data-e-type=\"widget\" data-widget_type=\"image.default\">\n\t\t\t\t\t\t\t\t\t\t\t\t\t\t\t<img fetchpriority=\"high\" decoding=\"async\" width=\"228\" height=\"300\" src=\"https:\/\/helpcar.hu\/staging\/wp-content\/uploads\/2026\/03\/ajanlatkeresben-minta-228x300.png\" class=\"attachment-medium size-medium wp-image-6665\" alt=\"\" srcset=\"https:\/\/helpcar.hu\/staging\/wp-content\/uploads\/2026\/03\/ajanlatkeresben-minta-228x300.png 228w, https:\/\/helpcar.hu\/staging\/wp-content\/uploads\/2026\/03\/ajanlatkeresben-minta.png 344w\" sizes=\"(max-width: 228px) 100vw, 228px\" \/>\t\t\t\t\t\t\t\t\t\t\t\t\t\t\t<\/div>\n\t\t\t\t\t<\/div>\n\t\t<\/div>\n\t\t\t\t<div class=\"elementor-column elementor-col-50 elementor-top-column elementor-element elementor-element-fb95728\" data-id=\"fb95728\" data-element_type=\"column\" data-e-type=\"column\">\n\t\t\t<div class=\"elementor-widget-wrap elementor-element-populated\">\n\t\t\t\t\t\t<div class=\"elementor-element elementor-element-3d29449 elementor-widget elementor-widget-wp-widget-shiftup_core_contact_form_7\" data-id=\"3d29449\" data-element_type=\"widget\" data-e-type=\"widget\" data-widget_type=\"wp-widget-shiftup_core_contact_form_7.default\">\n\t\t\t\t<div class=\"elementor-widget-container\">\n\t\t\t\t\t\t\t\t<div class=\"qodef-contact-form-7\">\n\t\t\t\t\n<div class=\"wpcf7 no-js\" id=\"wpcf7-f6654-o1\" lang=\"en-US\" dir=\"ltr\" data-wpcf7-id=\"6654\">\n<div class=\"screen-reader-response\"><p role=\"status\" aria-live=\"polite\" aria-atomic=\"true\"><\/p> <ul><\/ul><\/div>\n<form action=\"\/staging\/wp-json\/wp\/v2\/pages\/1803#wpcf7-f6654-o1\" method=\"post\" class=\"wpcf7-form init\" aria-label=\"Contact form\" enctype=\"multipart\/form-data\" novalidate=\"novalidate\" data-status=\"init\">\n<fieldset class=\"hidden-fields-container\"><input type=\"hidden\" name=\"_wpcf7\" value=\"6654\" \/><input type=\"hidden\" name=\"_wpcf7_version\" value=\"6.1.5\" \/><input type=\"hidden\" name=\"_wpcf7_locale\" value=\"en_US\" \/><input type=\"hidden\" name=\"_wpcf7_unit_tag\" value=\"wpcf7-f6654-o1\" \/><input type=\"hidden\" name=\"_wpcf7_container_post\" value=\"0\" \/><input type=\"hidden\" name=\"_wpcf7_posted_data_hash\" value=\"\" \/>\n<\/fieldset>\n<div class=\"qodef-appontment-form-2\">\n\n<div class=\"qodef-col-2\"><label> N\u00e9v <span class=\"wpcf7-form-control-wrap\" data-name=\"your-name\"><input size=\"40\" maxlength=\"400\" class=\"wpcf7-form-control wpcf7-text wpcf7-validates-as-required\" aria-required=\"true\" aria-invalid=\"false\" value=\"\" type=\"text\" name=\"your-name\" \/><\/span> <\/label><label> E-mail c\u00edm <span class=\"wpcf7-form-control-wrap\" data-name=\"email-599\"><input size=\"40\" maxlength=\"400\" class=\"wpcf7-form-control wpcf7-email wpcf7-validates-as-required wpcf7-text wpcf7-validates-as-email\" aria-required=\"true\" aria-invalid=\"false\" value=\"\" type=\"email\" name=\"email-599\" \/><\/span> <\/label><\/div> <\/label><label> Telefonsz\u00e1m <span class=\"wpcf7-form-control-wrap\" data-name=\"yout-tel\"><input size=\"40\" maxlength=\"400\" class=\"wpcf7-form-control wpcf7-tel wpcf7-validates-as-required wpcf7-text wpcf7-validates-as-tel\" aria-required=\"true\" aria-invalid=\"false\" value=\"\" type=\"tel\" name=\"yout-tel\" \/><\/span> <\/label><\/div>\n\n<div class=\"qodef-col-2\"><label> J\u00e1rm\u0171 gy\u00e1rtm\u00e1nya \u00e9s t\u00edpusa \/ D.1, D.2 <span class=\"wpcf7-form-control-wrap\" data-name=\"text-920\"><input size=\"40\" maxlength=\"400\" class=\"wpcf7-form-control wpcf7-text wpcf7-validates-as-required\" aria-required=\"true\" aria-invalid=\"false\" value=\"\" type=\"text\" name=\"text-920\" \/><\/span> <\/label>\n<label> Henger\u0171rtartalom \u00e9s teljes\u00edtm\u00e9ny (KW) \/ P.1, P.2\n <span class=\"wpcf7-form-control-wrap\" data-name=\"text-673\"><input size=\"40\" maxlength=\"400\" class=\"wpcf7-form-control wpcf7-text wpcf7-validates-as-required\" aria-required=\"true\" aria-invalid=\"false\" value=\"\" type=\"text\" name=\"text-673\" \/><\/span><\/label><\/div>\n\n<div class=\"qodef-col-2\"><label> Motorsz\u00e1m \/ P.5\n <span class=\"wpcf7-form-control-wrap\" data-name=\"text-156\"><input size=\"40\" maxlength=\"400\" class=\"wpcf7-form-control wpcf7-text\" aria-invalid=\"false\" value=\"\" type=\"text\" name=\"text-156\" \/><\/span><\/label><label> Alv\u00e1zsz\u00e1m \/ E <span class=\"wpcf7-form-control-wrap\" data-name=\"text-880\"><input size=\"40\" maxlength=\"400\" class=\"wpcf7-form-control wpcf7-text wpcf7-validates-as-required\" aria-required=\"true\" aria-invalid=\"false\" value=\"\" type=\"text\" name=\"text-880\" \/><\/span><\/label><\/div>\n\n<div class=\"qodef-col-2\"><label> Gy\u00e1rt\u00e1si \u00e9v <span class=\"wpcf7-form-control-wrap\" data-name=\"text-706\"><input size=\"40\" maxlength=\"400\" class=\"wpcf7-form-control wpcf7-text wpcf7-validates-as-required\" aria-required=\"true\" aria-invalid=\"false\" value=\"\" type=\"text\" name=\"text-706\" \/><\/span><\/label><\/div>\n\n\n<label> Hibajelens\u00e9g le\u00edr\u00e1sa <span class=\"wpcf7-form-control-wrap\" data-name=\"your-message\"><textarea cols=\"40\" rows=\"10\" maxlength=\"2000\" class=\"wpcf7-form-control wpcf7-textarea wpcf7-validates-as-required\" aria-required=\"true\" aria-invalid=\"false\" name=\"your-message\"><\/textarea><\/span> <\/label>\n\n<div class=\"qodef-custom-upload\"><label> K\u00e9p csatol\u00e1sa (nem k\u00f6telez\u0151) <span class=\"wpcf7-form-control-wrap\" data-name=\"your-file\"><input size=\"40\" class=\"wpcf7-form-control wpcf7-file\" accept=\".jpeg,.jpg,.png,.mp4,.avi\" aria-invalid=\"false\" type=\"file\" name=\"your-file\" \/><\/span><span class=\"qodef-upload-button\"><span>felt\u00f6lt\u00e9s<\/span><\/span><\/label><\/div>\n\n\n<\/div><span class=\"qodef-short-note\">Munkat\u00e1rsunk hamarosan felveszi \u00d6nnel a kapcsolatot.<\/span><\/div>\n\n<button class=\"wpcf7-form-control wpcf7-submit qodef-button qodef-size--large qodef-layout--filled qodef-html--link qodef-m\" type=\"submit\"><span class=\"qodef-m-text\">K\u00fcld\u00e9s<\/span><\/button> <\/div><p style=\"display: none !important;\" class=\"akismet-fields-container\" data-prefix=\"_wpcf7_ak_\"><label>&#916;<textarea name=\"_wpcf7_ak_hp_textarea\" cols=\"45\" rows=\"8\" maxlength=\"100\"><\/textarea><\/label><input type=\"hidden\" id=\"ak_js_1\" name=\"_wpcf7_ak_js\" value=\"221\"\/><script>document.getElementById( \"ak_js_1\" ).setAttribute( \"value\", ( new Date() ).getTime() );<\/script><\/p><div class=\"wpcf7-response-output\" aria-hidden=\"true\"><\/div>\n<\/form>\n<\/div>\n\t\t\t<\/div>\n\t\t\t\t\t\t\t<\/div>\n\t\t\t\t<\/div>\n\t\t\t\t\t<\/div>\n\t\t<\/div>\n\t\t\t\t\t<\/div>\n\t\t<\/section>\n\t\t\t\t<\/div>\n\t\t","protected":false},"excerpt":{"rendered":"<p>aj\u00e1nlatk\u00e9r\u00e9s<\/p>\n","protected":false},"author":1,"featured_media":0,"parent":0,"menu_order":0,"comment_status":"closed","ping_status":"closed","template":"page-full-width.php","meta":{"footnotes":""},"class_list":["post-1803","page","type-page","status-publish","hentry"],"yoast_head":"<!-- This site is optimized with the Yoast SEO plugin v27.3 - https:\/\/yoast.com\/product\/yoast-seo-wordpress\/ -->\n<title>Aj\u00e1nlatk\u00e9r\u00e9s - Help Car Service KFt.<\/title>\n<meta name=\"robots\" content=\"noindex, follow, max-snippet:-1, max-image-preview:large, max-video-preview:-1\" \/>\n<meta property=\"og:locale\" content=\"hu_HU\" \/>\n<meta property=\"og:type\" content=\"article\" \/>\n<meta property=\"og:title\" content=\"Aj\u00e1nlatk\u00e9r\u00e9s - Help Car Service KFt.\" \/>\n<meta property=\"og:description\" content=\"aj\u00e1nlatk\u00e9r\u00e9s\" \/>\n<meta property=\"og:url\" content=\"https:\/\/helpcar.hu\/staging\/ajanlatkeres\/\" \/>\n<meta property=\"og:site_name\" content=\"Help Car Service KFt.\" \/>\n<meta property=\"article:modified_time\" content=\"2026-03-05T10:30:48+00:00\" \/>\n<meta property=\"og:image\" content=\"https:\/\/helpcar.hu\/staging\/wp-content\/uploads\/2026\/03\/ajanlatkeresben-minta.png\" \/>\n\t<meta property=\"og:image:width\" content=\"344\" \/>\n\t<meta property=\"og:image:height\" content=\"453\" \/>\n\t<meta property=\"og:image:type\" content=\"image\/png\" \/>\n<meta name=\"twitter:card\" content=\"summary_large_image\" \/>\n<meta name=\"twitter:label1\" content=\"Becs\u00fclt olvas\u00e1si id\u0151\" \/>\n\t<meta name=\"twitter:data1\" content=\"1 perc\" \/>\n<script type=\"application\/ld+json\" class=\"yoast-schema-graph\">{\"@context\":\"https:\\\/\\\/schema.org\",\"@graph\":[{\"@type\":\"WebPage\",\"@id\":\"https:\\\/\\\/helpcar.hu\\\/staging\\\/ajanlatkeres\\\/\",\"url\":\"https:\\\/\\\/helpcar.hu\\\/staging\\\/ajanlatkeres\\\/\",\"name\":\"Aj\u00e1nlatk\u00e9r\u00e9s - Help Car Service KFt.\",\"isPartOf\":{\"@id\":\"https:\\\/\\\/helpcar.hu\\\/staging\\\/#website\"},\"primaryImageOfPage\":{\"@id\":\"https:\\\/\\\/helpcar.hu\\\/staging\\\/ajanlatkeres\\\/#primaryimage\"},\"image\":{\"@id\":\"https:\\\/\\\/helpcar.hu\\\/staging\\\/ajanlatkeres\\\/#primaryimage\"},\"thumbnailUrl\":\"https:\\\/\\\/helpcar.hu\\\/staging\\\/wp-content\\\/uploads\\\/2026\\\/03\\\/ajanlatkeresben-minta-228x300.png\",\"datePublished\":\"2025-11-04T14:15:29+00:00\",\"dateModified\":\"2026-03-05T10:30:48+00:00\",\"breadcrumb\":{\"@id\":\"https:\\\/\\\/helpcar.hu\\\/staging\\\/ajanlatkeres\\\/#breadcrumb\"},\"inLanguage\":\"hu\",\"potentialAction\":[{\"@type\":\"ReadAction\",\"target\":[\"https:\\\/\\\/helpcar.hu\\\/staging\\\/ajanlatkeres\\\/\"]}]},{\"@type\":\"ImageObject\",\"inLanguage\":\"hu\",\"@id\":\"https:\\\/\\\/helpcar.hu\\\/staging\\\/ajanlatkeres\\\/#primaryimage\",\"url\":\"https:\\\/\\\/helpcar.hu\\\/staging\\\/wp-content\\\/uploads\\\/2026\\\/03\\\/ajanlatkeresben-minta.png\",\"contentUrl\":\"https:\\\/\\\/helpcar.hu\\\/staging\\\/wp-content\\\/uploads\\\/2026\\\/03\\\/ajanlatkeresben-minta.png\",\"width\":344,\"height\":453},{\"@type\":\"BreadcrumbList\",\"@id\":\"https:\\\/\\\/helpcar.hu\\\/staging\\\/ajanlatkeres\\\/#breadcrumb\",\"itemListElement\":[{\"@type\":\"ListItem\",\"position\":1,\"name\":\"Kezd\u0151lap\",\"item\":\"https:\\\/\\\/helpcar.hu\\\/staging\\\/\"},{\"@type\":\"ListItem\",\"position\":2,\"name\":\"Aj\u00e1nlatk\u00e9r\u00e9s\"}]},{\"@type\":\"WebSite\",\"@id\":\"https:\\\/\\\/helpcar.hu\\\/staging\\\/#website\",\"url\":\"https:\\\/\\\/helpcar.hu\\\/staging\\\/\",\"name\":\"Help Car Service KFt.\",\"description\":\"\",\"publisher\":{\"@id\":\"https:\\\/\\\/helpcar.hu\\\/staging\\\/#organization\"},\"potentialAction\":[{\"@type\":\"SearchAction\",\"target\":{\"@type\":\"EntryPoint\",\"urlTemplate\":\"https:\\\/\\\/helpcar.hu\\\/staging\\\/?s={search_term_string}\"},\"query-input\":{\"@type\":\"PropertyValueSpecification\",\"valueRequired\":true,\"valueName\":\"search_term_string\"}}],\"inLanguage\":\"hu\"},{\"@type\":\"Organization\",\"@id\":\"https:\\\/\\\/helpcar.hu\\\/staging\\\/#organization\",\"name\":\"Help Car Service KFt.\",\"url\":\"https:\\\/\\\/helpcar.hu\\\/staging\\\/\",\"logo\":{\"@type\":\"ImageObject\",\"inLanguage\":\"hu\",\"@id\":\"https:\\\/\\\/helpcar.hu\\\/staging\\\/#\\\/schema\\\/logo\\\/image\\\/\",\"url\":\"https:\\\/\\\/helpcar.hu\\\/staging\\\/wp-content\\\/uploads\\\/2026\\\/03\\\/FEHER-2.png\",\"contentUrl\":\"https:\\\/\\\/helpcar.hu\\\/staging\\\/wp-content\\\/uploads\\\/2026\\\/03\\\/FEHER-2.png\",\"width\":1946,\"height\":467,\"caption\":\"Help Car Service KFt.\"},\"image\":{\"@id\":\"https:\\\/\\\/helpcar.hu\\\/staging\\\/#\\\/schema\\\/logo\\\/image\\\/\"}}]}<\/script>\n<!-- \/ Yoast SEO plugin. -->","yoast_head_json":{"title":"Aj\u00e1nlatk\u00e9r\u00e9s - Help Car Service KFt.","robots":{"index":"noindex","follow":"follow","max-snippet":"max-snippet:-1","max-image-preview":"max-image-preview:large","max-video-preview":"max-video-preview:-1"},"og_locale":"hu_HU","og_type":"article","og_title":"Aj\u00e1nlatk\u00e9r\u00e9s - Help Car Service KFt.","og_description":"aj\u00e1nlatk\u00e9r\u00e9s","og_url":"https:\/\/helpcar.hu\/staging\/ajanlatkeres\/","og_site_name":"Help Car Service KFt.","article_modified_time":"2026-03-05T10:30:48+00:00","og_image":[{"width":344,"height":453,"url":"https:\/\/helpcar.hu\/staging\/wp-content\/uploads\/2026\/03\/ajanlatkeresben-minta.png","type":"image\/png"}],"twitter_card":"summary_large_image","twitter_misc":{"Becs\u00fclt olvas\u00e1si id\u0151":"1 perc"},"schema":{"@context":"https:\/\/schema.org","@graph":[{"@type":"WebPage","@id":"https:\/\/helpcar.hu\/staging\/ajanlatkeres\/","url":"https:\/\/helpcar.hu\/staging\/ajanlatkeres\/","name":"Aj\u00e1nlatk\u00e9r\u00e9s - Help Car Service KFt.","isPartOf":{"@id":"https:\/\/helpcar.hu\/staging\/#website"},"primaryImageOfPage":{"@id":"https:\/\/helpcar.hu\/staging\/ajanlatkeres\/#primaryimage"},"image":{"@id":"https:\/\/helpcar.hu\/staging\/ajanlatkeres\/#primaryimage"},"thumbnailUrl":"https:\/\/helpcar.hu\/staging\/wp-content\/uploads\/2026\/03\/ajanlatkeresben-minta-228x300.png","datePublished":"2025-11-04T14:15:29+00:00","dateModified":"2026-03-05T10:30:48+00:00","breadcrumb":{"@id":"https:\/\/helpcar.hu\/staging\/ajanlatkeres\/#breadcrumb"},"inLanguage":"hu","potentialAction":[{"@type":"ReadAction","target":["https:\/\/helpcar.hu\/staging\/ajanlatkeres\/"]}]},{"@type":"ImageObject","inLanguage":"hu","@id":"https:\/\/helpcar.hu\/staging\/ajanlatkeres\/#primaryimage","url":"https:\/\/helpcar.hu\/staging\/wp-content\/uploads\/2026\/03\/ajanlatkeresben-minta.png","contentUrl":"https:\/\/helpcar.hu\/staging\/wp-content\/uploads\/2026\/03\/ajanlatkeresben-minta.png","width":344,"height":453},{"@type":"BreadcrumbList","@id":"https:\/\/helpcar.hu\/staging\/ajanlatkeres\/#breadcrumb","itemListElement":[{"@type":"ListItem","position":1,"name":"Kezd\u0151lap","item":"https:\/\/helpcar.hu\/staging\/"},{"@type":"ListItem","position":2,"name":"Aj\u00e1nlatk\u00e9r\u00e9s"}]},{"@type":"WebSite","@id":"https:\/\/helpcar.hu\/staging\/#website","url":"https:\/\/helpcar.hu\/staging\/","name":"Help Car Service KFt.","description":"","publisher":{"@id":"https:\/\/helpcar.hu\/staging\/#organization"},"potentialAction":[{"@type":"SearchAction","target":{"@type":"EntryPoint","urlTemplate":"https:\/\/helpcar.hu\/staging\/?s={search_term_string}"},"query-input":{"@type":"PropertyValueSpecification","valueRequired":true,"valueName":"search_term_string"}}],"inLanguage":"hu"},{"@type":"Organization","@id":"https:\/\/helpcar.hu\/staging\/#organization","name":"Help Car Service KFt.","url":"https:\/\/helpcar.hu\/staging\/","logo":{"@type":"ImageObject","inLanguage":"hu","@id":"https:\/\/helpcar.hu\/staging\/#\/schema\/logo\/image\/","url":"https:\/\/helpcar.hu\/staging\/wp-content\/uploads\/2026\/03\/FEHER-2.png","contentUrl":"https:\/\/helpcar.hu\/staging\/wp-content\/uploads\/2026\/03\/FEHER-2.png","width":1946,"height":467,"caption":"Help Car Service KFt."},"image":{"@id":"https:\/\/helpcar.hu\/staging\/#\/schema\/logo\/image\/"}}]}},"_links":{"self":[{"href":"https:\/\/helpcar.hu\/staging\/wp-json\/wp\/v2\/pages\/1803","targetHints":{"allow":["GET"]}}],"collection":[{"href":"https:\/\/helpcar.hu\/staging\/wp-json\/wp\/v2\/pages"}],"about":[{"href":"https:\/\/helpcar.hu\/staging\/wp-json\/wp\/v2\/types\/page"}],"author":[{"embeddable":true,"href":"https:\/\/helpcar.hu\/staging\/wp-json\/wp\/v2\/users\/1"}],"replies":[{"embeddable":true,"href":"https:\/\/helpcar.hu\/staging\/wp-json\/wp\/v2\/comments?post=1803"}],"version-history":[{"count":22,"href":"https:\/\/helpcar.hu\/staging\/wp-json\/wp\/v2\/pages\/1803\/revisions"}],"predecessor-version":[{"id":6983,"href":"https:\/\/helpcar.hu\/staging\/wp-json\/wp\/v2\/pages\/1803\/revisions\/6983"}],"wp:attachment":[{"href":"https:\/\/helpcar.hu\/staging\/wp-json\/wp\/v2\/media?parent=1803"}],"curies":[{"name":"wp","href":"https:\/\/api.w.org\/{rel}","templated":true}]}}