{"id":1867,"date":"2021-11-04T15:37:32","date_gmt":"2021-11-04T15:37:32","guid":{"rendered":"https:\/\/shiftup.qodeinteractive.com\/?page_id=1867"},"modified":"2026-04-17T08:45:34","modified_gmt":"2026-04-17T08:45:34","slug":"kapcsolat","status":"publish","type":"page","link":"https:\/\/helpcar.hu\/staging\/kapcsolat\/","title":{"rendered":"Kapcsolat"},"content":{"rendered":"\t\t<div data-elementor-type=\"wp-page\" data-elementor-id=\"1867\" class=\"elementor elementor-1867\" data-elementor-post-type=\"page\">\n\t\t\t\t\t\t<section class=\"elementor-section elementor-top-section elementor-element elementor-element-2245e74 elementor-section-full_width elementor-section-height-default elementor-section-height-default qodef-elementor-content-no\" data-id=\"2245e74\" data-element_type=\"section\" data-e-type=\"section\">\n\t\t\t\t\t\t<div class=\"elementor-container elementor-column-gap-default\">\n\t\t\t\t\t<div class=\"elementor-column elementor-col-100 elementor-top-column elementor-element elementor-element-e69222a\" data-id=\"e69222a\" data-element_type=\"column\" data-e-type=\"column\">\n\t\t\t<div class=\"elementor-widget-wrap elementor-element-populated\">\n\t\t\t\t\t\t<div class=\"elementor-element elementor-element-ab925d3 elementor-widget elementor-widget-shiftup_core_google_map\" data-id=\"ab925d3\" data-element_type=\"widget\" data-e-type=\"widget\" data-widget_type=\"shiftup_core_google_map.default\">\n\t\t\t\t<div class=\"elementor-widget-container\">\n\t\t\t\t\t<div class=\"qodef-shortcode qodef-m qodef-google-map\">\n\t<div class=\"qodef-m-map\" id=\"qodef-map-id--978\" data-addresses='[\"https:\/\/www.google.com\/maps\/dir\/\/West+Jakarta,+Duri+Kepa,+Kebonjeruk,+West+Jakarta+City,+%D0%8F%D0%B0%D0%BA%D0%B0%D1%80%D1%82%D0%B0+%D0%A0%D0%B0%D1%98%D0%B0,+%D0%98%D0%BD%D0%B4%D0%BE%D0%BD%D0%B5%D0%B7%D0%B8%D1%98%D0%B0\/@-6.1737142,106.7518517,15z\/data=!4m8!4m7!1m0!1m5!1m1!1s0x2e69f7adab21acdf:0x3ebcf830e9a8f195!2m2!1d106.7675267!2d-6.1705297\"]' data-pin=https:\/\/helpcar.hu\/staging\/wp-content\/uploads\/2022\/01\/map-pin.png data-unique-id=978 data-height=600><\/div>\n<\/div>\n\t\t\t\t<\/div>\n\t\t\t\t<\/div>\n\t\t\t\t\t<\/div>\n\t\t<\/div>\n\t\t\t\t\t<\/div>\n\t\t<\/section>\n\t\t\t\t<section class=\"elementor-section elementor-top-section elementor-element elementor-element-0e00f39 elementor-section-full_width qodef-elementor-content-grid elementor-section-height-default elementor-section-height-default\" data-id=\"0e00f39\" data-element_type=\"section\" data-e-type=\"section\">\n\t\t\t\t\t\t<div class=\"elementor-container elementor-column-gap-default\">\n\t\t\t\t\t<div class=\"elementor-column elementor-col-50 elementor-top-column elementor-element elementor-element-decdc40 qodef-hover-links\" data-id=\"decdc40\" data-element_type=\"column\" data-e-type=\"column\">\n\t\t\t<div class=\"elementor-widget-wrap elementor-element-populated\">\n\t\t\t\t\t\t<div class=\"elementor-element elementor-element-cabf4e4 elementor-widget elementor-widget-shiftup_core_section_title\" data-id=\"cabf4e4\" data-element_type=\"widget\" data-e-type=\"widget\" data-widget_type=\"shiftup_core_section_title.default\">\n\t\t\t\t<div class=\"elementor-widget-container\">\n\t\t\t\t\t<div class=\"qodef-shortcode qodef-m qodef-section-title qodef-alignment--left\">\n\t\t<h3 class=\"qodef-m-title\" style=\"color: #EEEEEE\">\n\t\t\t\t\tkeressen minket el\u00e9rhet\u0151s\u00e9geinken\t\t\t<\/h3>\n\t<\/div>\n\t\t\t\t<\/div>\n\t\t\t\t<\/div>\n\t\t\t\t<div class=\"elementor-element elementor-element-b3027ec elementor-widget elementor-widget-text-editor\" data-id=\"b3027ec\" data-element_type=\"widget\" data-e-type=\"widget\" data-widget_type=\"text-editor.default\">\n\t\t\t\t\t\t\t\t\t<p style=\"margin-bottom: 10px;\">Telefonon<\/p>\n\n<h2 style=\"margin-top: 0px; color: #fff;\"><span style=\"color: #ffffff;\"><a style=\"font-size: 30px; color: #ffffff;\" href=\"tel:12345678901;\">+36 20 955 8116<\/a><\/span><\/h2>\t\t\t\t\t\t\t\t<\/div>\n\t\t\t\t<section class=\"elementor-section elementor-inner-section elementor-element elementor-element-d2221f3 elementor-section-full_width elementor-section-height-default elementor-section-height-default qodef-elementor-content-no\" data-id=\"d2221f3\" data-element_type=\"section\" data-e-type=\"section\">\n\t\t\t\t\t\t<div class=\"elementor-container elementor-column-gap-default\">\n\t\t\t\t\t<div class=\"elementor-column elementor-col-50 elementor-inner-column elementor-element elementor-element-8168096\" data-id=\"8168096\" data-element_type=\"column\" data-e-type=\"column\">\n\t\t\t<div class=\"elementor-widget-wrap elementor-element-populated\">\n\t\t\t\t\t\t<div class=\"elementor-element elementor-element-978aede elementor-widget elementor-widget-text-editor\" data-id=\"978aede\" data-element_type=\"widget\" data-e-type=\"widget\" data-widget_type=\"text-editor.default\">\n\t\t\t\t\t\t\t\t\t<p style=\"margin-bottom: 10px;\">C\u00edm\u00fcnk<\/p><h5 style=\"margin-top: 0px; color: #fff;\"><span style=\"color: #ffffff;\"><a style=\"color: #ffffff;\" href=\"https:\/\/www.google.com\/maps\/place\/HELP+CAR+SERVICE+KFT.\/@47.6211838,19.1628947,17z\/data=!3m1!4b1!4m6!3m5!1s0x4741d142e123de5f:0x1f24911078361b6f!8m2!3d47.6211838!4d19.1628947!16s%2Fg%2F11x08s_tn2?entry=ttu&amp;g_ep=EgoyMDI1MTEzMC4wIKXMDSoASAFQAw%3D%3D\" target=\"_blank\" rel=\"noopener\">2120, Dunakeszi, Gida utca 4.<\/a><\/span><\/h5>\t\t\t\t\t\t\t\t<\/div>\n\t\t\t\t\t<\/div>\n\t\t<\/div>\n\t\t\t\t<div class=\"elementor-column elementor-col-50 elementor-inner-column elementor-element elementor-element-e134b36\" data-id=\"e134b36\" data-element_type=\"column\" data-e-type=\"column\">\n\t\t\t<div class=\"elementor-widget-wrap elementor-element-populated\">\n\t\t\t\t\t\t<div class=\"elementor-element elementor-element-44e6666 elementor-widget elementor-widget-text-editor\" data-id=\"44e6666\" data-element_type=\"widget\" data-e-type=\"widget\" data-widget_type=\"text-editor.default\">\n\t\t\t\t\t\t\t\t\t<p style=\"margin-bottom: 10px;\">Nyitva tart\u00e1s:<\/p>\n\n<h5 style=\"margin-top: 0px; color: #fff;\">H\u00e9tf\u0151: 7:00-15:30 <br> Kedd: 7:00 &#8211; 15:30 <br> Szerda: 7:00 &#8211; 15:30 <br> Cs\u00fct\u00f6rt\u00f6k: 7:00 &#8211; 15:30\n<br> p\u00e9ntek: 7:00 &#8211; 15-30 <br>szombat. : z\u00e1rva<br> vas\u00e1rnap: z\u00e1rva<\/h5>\t\t\t\t\t\t\t\t<\/div>\n\t\t\t\t\t<\/div>\n\t\t<\/div>\n\t\t\t\t\t<\/div>\n\t\t<\/section>\n\t\t\t\t\t<\/div>\n\t\t<\/div>\n\t\t\t\t<div class=\"elementor-column elementor-col-50 elementor-top-column elementor-element elementor-element-0c6e458 qodef-skin-light\" data-id=\"0c6e458\" data-element_type=\"column\" data-e-type=\"column\">\n\t\t\t<div class=\"elementor-widget-wrap elementor-element-populated\">\n\t\t\t\t\t\t<div class=\"elementor-element elementor-element-d48487d elementor-widget elementor-widget-wp-widget-shiftup_core_contact_form_7\" data-id=\"d48487d\" data-element_type=\"widget\" data-e-type=\"widget\" data-widget_type=\"wp-widget-shiftup_core_contact_form_7.default\">\n\t\t\t\t<div class=\"elementor-widget-container\">\n\t\t\t\t\t\t\t\t<div class=\"qodef-contact-form-7\">\n\t\t\t\t\n<div class=\"wpcf7 no-js\" id=\"wpcf7-f48-o1\" lang=\"en-US\" dir=\"ltr\" data-wpcf7-id=\"48\">\n<div class=\"screen-reader-response\"><p role=\"status\" aria-live=\"polite\" aria-atomic=\"true\"><\/p> <ul><\/ul><\/div>\n<form action=\"\/staging\/wp-json\/wp\/v2\/pages\/1867#wpcf7-f48-o1\" method=\"post\" class=\"wpcf7-form init\" aria-label=\"Contact form\" novalidate=\"novalidate\" data-status=\"init\">\n<fieldset class=\"hidden-fields-container\"><input type=\"hidden\" name=\"_wpcf7\" value=\"48\" \/><input type=\"hidden\" name=\"_wpcf7_version\" value=\"6.1.5\" \/><input type=\"hidden\" name=\"_wpcf7_locale\" value=\"en_US\" \/><input type=\"hidden\" name=\"_wpcf7_unit_tag\" value=\"wpcf7-f48-o1\" \/><input type=\"hidden\" name=\"_wpcf7_container_post\" value=\"0\" \/><input type=\"hidden\" name=\"_wpcf7_posted_data_hash\" value=\"\" \/>\n<\/fieldset>\n<div class=\"qodef-contact-form\"><label> N\u00e9v <span class=\"wpcf7-form-control-wrap\" data-name=\"your-name\"><input size=\"40\" maxlength=\"400\" class=\"wpcf7-form-control wpcf7-text wpcf7-validates-as-required\" aria-required=\"true\" aria-invalid=\"false\" value=\"\" type=\"text\" name=\"your-name\" \/><\/span> <\/label><label> Email <span class=\"wpcf7-form-control-wrap\" data-name=\"your-email\"><input size=\"40\" maxlength=\"400\" class=\"wpcf7-form-control wpcf7-email wpcf7-validates-as-required wpcf7-text wpcf7-validates-as-email\" aria-required=\"true\" aria-invalid=\"false\" value=\"\" type=\"email\" name=\"your-email\" \/><\/span> <\/label><label> Telefonsz\u00e1m <span class=\"wpcf7-form-control-wrap\" data-name=\"tel-729\"><input size=\"40\" maxlength=\"400\" class=\"wpcf7-form-control wpcf7-tel wpcf7-text wpcf7-validates-as-tel\" aria-invalid=\"false\" value=\"\" type=\"tel\" name=\"tel-729\" \/><\/span> <\/label><label> \u00dczenet <span class=\"wpcf7-form-control-wrap\" data-name=\"your-message\"><textarea cols=\"40\" rows=\"10\" maxlength=\"2000\" class=\"wpcf7-form-control wpcf7-textarea\" aria-invalid=\"false\" name=\"your-message\"><\/textarea><\/span> <\/label><button class=\"wpcf7-form-control wpcf7-submit qodef-button qodef-size--large qodef-layout--filled qodef-html--link qodef-m\" type=\"submit\"><span class=\"qodef-m-text\">K\u00fcld\u00e9s<\/span><\/button><\/div><p style=\"display: none !important;\" class=\"akismet-fields-container\" data-prefix=\"_wpcf7_ak_\"><label>&#916;<textarea name=\"_wpcf7_ak_hp_textarea\" cols=\"45\" rows=\"8\" maxlength=\"100\"><\/textarea><\/label><input type=\"hidden\" id=\"ak_js_1\" name=\"_wpcf7_ak_js\" value=\"222\"\/><script>document.getElementById( \"ak_js_1\" ).setAttribute( \"value\", ( new Date() ).getTime() );<\/script><\/p><div class=\"wpcf7-response-output\" aria-hidden=\"true\"><\/div>\n<\/form>\n<\/div>\n\t\t\t<\/div>\n\t\t\t\t\t\t\t<\/div>\n\t\t\t\t<\/div>\n\t\t\t\t\t<\/div>\n\t\t<\/div>\n\t\t\t\t\t<\/div>\n\t\t<\/section>\n\t\t<div class=\"elementor-element elementor-element-1c7208f e-flex e-con-boxed qodef-elementor-content-no e-con e-parent\" data-id=\"1c7208f\" data-element_type=\"container\" data-e-type=\"container\">\n\t\t\t\t\t<div class=\"e-con-inner\">\n\t\t\t\t<div class=\"elementor-element elementor-element-a7b5640 elementor-widget elementor-widget-google_maps\" data-id=\"a7b5640\" data-element_type=\"widget\" data-e-type=\"widget\" data-widget_type=\"google_maps.default\">\n\t\t\t\t\t\t\t<div class=\"elementor-custom-embed\">\n\t\t\t<iframe loading=\"lazy\"\n\t\t\t\t\tsrc=\"https:\/\/maps.google.com\/maps?q=2151%20Dunakeszi%2C%20Gida%20utca%204.&#038;t=m&#038;z=13&#038;output=embed&#038;iwloc=near\"\n\t\t\t\t\ttitle=\"2151 Dunakeszi, Gida utca 4.\"\n\t\t\t\t\taria-label=\"2151 Dunakeszi, Gida utca 4.\"\n\t\t\t><\/iframe>\n\t\t<\/div>\n\t\t\t\t\t\t<\/div>\n\t\t\t\t\t<\/div>\n\t\t\t\t<\/div>\n\t\t\t\t<\/div>\n\t\t","protected":false},"excerpt":{"rendered":"<p>keressen minket el\u00e9rhet\u0151s\u00e9geinken Telefonon +36 20 955 8116 C\u00edm\u00fcnk 2120, Dunakeszi, Gida utca 4. Nyitva tart\u00e1s: H\u00e9tf\u0151: 7:00-15:30 Kedd: 7:00 &#8211; 15:30 Szerda: 7:00 &#8211; 15:30 Cs\u00fct\u00f6rt\u00f6k: 7:00 &#8211; 15:30 p\u00e9ntek: 7:00 &#8211; 15-30 szombat. : z\u00e1rva vas\u00e1rnap: z\u00e1rva<\/p>\n","protected":false},"author":1,"featured_media":0,"parent":0,"menu_order":0,"comment_status":"closed","ping_status":"closed","template":"page-full-width.php","meta":{"footnotes":""},"class_list":["post-1867","page","type-page","status-publish","hentry"],"yoast_head":"<!-- This site is optimized with the Yoast SEO plugin v27.3 - https:\/\/yoast.com\/product\/yoast-seo-wordpress\/ -->\n<title>Kapcsolat - Help Car Service KFt.<\/title>\n<meta name=\"robots\" content=\"noindex, follow, max-snippet:-1, max-image-preview:large, max-video-preview:-1\" \/>\n<meta property=\"og:locale\" content=\"hu_HU\" \/>\n<meta property=\"og:type\" content=\"article\" \/>\n<meta property=\"og:title\" content=\"Kapcsolat - Help Car Service KFt.\" \/>\n<meta property=\"og:description\" content=\"keressen minket el\u00e9rhet\u0151s\u00e9geinken Telefonon +36 20 955 8116 C\u00edm\u00fcnk 2120, Dunakeszi, Gida utca 4. Nyitva tart\u00e1s: H\u00e9tf\u0151: 7:00-15:30 Kedd: 7:00 &#8211; 15:30 Szerda: 7:00 &#8211; 15:30 Cs\u00fct\u00f6rt\u00f6k: 7:00 &#8211; 15:30 p\u00e9ntek: 7:00 &#8211; 15-30 szombat. : z\u00e1rva vas\u00e1rnap: z\u00e1rva\" \/>\n<meta property=\"og:url\" content=\"https:\/\/helpcar.hu\/staging\/kapcsolat\/\" \/>\n<meta property=\"og:site_name\" content=\"Help Car Service KFt.\" \/>\n<meta property=\"article:modified_time\" content=\"2026-04-17T08:45:34+00:00\" \/>\n<meta name=\"twitter:card\" content=\"summary_large_image\" \/>\n<meta name=\"twitter:label1\" content=\"Becs\u00fclt olvas\u00e1si id\u0151\" \/>\n\t<meta name=\"twitter:data1\" content=\"1 perc\" \/>\n<script type=\"application\/ld+json\" class=\"yoast-schema-graph\">{\"@context\":\"https:\\\/\\\/schema.org\",\"@graph\":[{\"@type\":\"WebPage\",\"@id\":\"https:\\\/\\\/helpcar.hu\\\/staging\\\/kapcsolat\\\/\",\"url\":\"https:\\\/\\\/helpcar.hu\\\/staging\\\/kapcsolat\\\/\",\"name\":\"Kapcsolat - Help Car Service KFt.\",\"isPartOf\":{\"@id\":\"https:\\\/\\\/helpcar.hu\\\/staging\\\/#website\"},\"datePublished\":\"2021-11-04T15:37:32+00:00\",\"dateModified\":\"2026-04-17T08:45:34+00:00\",\"breadcrumb\":{\"@id\":\"https:\\\/\\\/helpcar.hu\\\/staging\\\/kapcsolat\\\/#breadcrumb\"},\"inLanguage\":\"hu\",\"potentialAction\":[{\"@type\":\"ReadAction\",\"target\":[\"https:\\\/\\\/helpcar.hu\\\/staging\\\/kapcsolat\\\/\"]}]},{\"@type\":\"BreadcrumbList\",\"@id\":\"https:\\\/\\\/helpcar.hu\\\/staging\\\/kapcsolat\\\/#breadcrumb\",\"itemListElement\":[{\"@type\":\"ListItem\",\"position\":1,\"name\":\"Kezd\u0151lap\",\"item\":\"https:\\\/\\\/helpcar.hu\\\/staging\\\/\"},{\"@type\":\"ListItem\",\"position\":2,\"name\":\"Kapcsolat\"}]},{\"@type\":\"WebSite\",\"@id\":\"https:\\\/\\\/helpcar.hu\\\/staging\\\/#website\",\"url\":\"https:\\\/\\\/helpcar.hu\\\/staging\\\/\",\"name\":\"Help Car Service KFt.\",\"description\":\"\",\"publisher\":{\"@id\":\"https:\\\/\\\/helpcar.hu\\\/staging\\\/#organization\"},\"potentialAction\":[{\"@type\":\"SearchAction\",\"target\":{\"@type\":\"EntryPoint\",\"urlTemplate\":\"https:\\\/\\\/helpcar.hu\\\/staging\\\/?s={search_term_string}\"},\"query-input\":{\"@type\":\"PropertyValueSpecification\",\"valueRequired\":true,\"valueName\":\"search_term_string\"}}],\"inLanguage\":\"hu\"},{\"@type\":\"Organization\",\"@id\":\"https:\\\/\\\/helpcar.hu\\\/staging\\\/#organization\",\"name\":\"Help Car Service KFt.\",\"url\":\"https:\\\/\\\/helpcar.hu\\\/staging\\\/\",\"logo\":{\"@type\":\"ImageObject\",\"inLanguage\":\"hu\",\"@id\":\"https:\\\/\\\/helpcar.hu\\\/staging\\\/#\\\/schema\\\/logo\\\/image\\\/\",\"url\":\"https:\\\/\\\/helpcar.hu\\\/staging\\\/wp-content\\\/uploads\\\/2026\\\/03\\\/FEHER-2.png\",\"contentUrl\":\"https:\\\/\\\/helpcar.hu\\\/staging\\\/wp-content\\\/uploads\\\/2026\\\/03\\\/FEHER-2.png\",\"width\":1946,\"height\":467,\"caption\":\"Help Car Service KFt.\"},\"image\":{\"@id\":\"https:\\\/\\\/helpcar.hu\\\/staging\\\/#\\\/schema\\\/logo\\\/image\\\/\"}}]}<\/script>\n<!-- \/ Yoast SEO plugin. -->","yoast_head_json":{"title":"Kapcsolat - Help Car Service KFt.","robots":{"index":"noindex","follow":"follow","max-snippet":"max-snippet:-1","max-image-preview":"max-image-preview:large","max-video-preview":"max-video-preview:-1"},"og_locale":"hu_HU","og_type":"article","og_title":"Kapcsolat - Help Car Service KFt.","og_description":"keressen minket el\u00e9rhet\u0151s\u00e9geinken Telefonon +36 20 955 8116 C\u00edm\u00fcnk 2120, Dunakeszi, Gida utca 4. Nyitva tart\u00e1s: H\u00e9tf\u0151: 7:00-15:30 Kedd: 7:00 &#8211; 15:30 Szerda: 7:00 &#8211; 15:30 Cs\u00fct\u00f6rt\u00f6k: 7:00 &#8211; 15:30 p\u00e9ntek: 7:00 &#8211; 15-30 szombat. : z\u00e1rva vas\u00e1rnap: z\u00e1rva","og_url":"https:\/\/helpcar.hu\/staging\/kapcsolat\/","og_site_name":"Help Car Service KFt.","article_modified_time":"2026-04-17T08:45:34+00:00","twitter_card":"summary_large_image","twitter_misc":{"Becs\u00fclt olvas\u00e1si id\u0151":"1 perc"},"schema":{"@context":"https:\/\/schema.org","@graph":[{"@type":"WebPage","@id":"https:\/\/helpcar.hu\/staging\/kapcsolat\/","url":"https:\/\/helpcar.hu\/staging\/kapcsolat\/","name":"Kapcsolat - Help Car Service KFt.","isPartOf":{"@id":"https:\/\/helpcar.hu\/staging\/#website"},"datePublished":"2021-11-04T15:37:32+00:00","dateModified":"2026-04-17T08:45:34+00:00","breadcrumb":{"@id":"https:\/\/helpcar.hu\/staging\/kapcsolat\/#breadcrumb"},"inLanguage":"hu","potentialAction":[{"@type":"ReadAction","target":["https:\/\/helpcar.hu\/staging\/kapcsolat\/"]}]},{"@type":"BreadcrumbList","@id":"https:\/\/helpcar.hu\/staging\/kapcsolat\/#breadcrumb","itemListElement":[{"@type":"ListItem","position":1,"name":"Kezd\u0151lap","item":"https:\/\/helpcar.hu\/staging\/"},{"@type":"ListItem","position":2,"name":"Kapcsolat"}]},{"@type":"WebSite","@id":"https:\/\/helpcar.hu\/staging\/#website","url":"https:\/\/helpcar.hu\/staging\/","name":"Help Car Service KFt.","description":"","publisher":{"@id":"https:\/\/helpcar.hu\/staging\/#organization"},"potentialAction":[{"@type":"SearchAction","target":{"@type":"EntryPoint","urlTemplate":"https:\/\/helpcar.hu\/staging\/?s={search_term_string}"},"query-input":{"@type":"PropertyValueSpecification","valueRequired":true,"valueName":"search_term_string"}}],"inLanguage":"hu"},{"@type":"Organization","@id":"https:\/\/helpcar.hu\/staging\/#organization","name":"Help Car Service KFt.","url":"https:\/\/helpcar.hu\/staging\/","logo":{"@type":"ImageObject","inLanguage":"hu","@id":"https:\/\/helpcar.hu\/staging\/#\/schema\/logo\/image\/","url":"https:\/\/helpcar.hu\/staging\/wp-content\/uploads\/2026\/03\/FEHER-2.png","contentUrl":"https:\/\/helpcar.hu\/staging\/wp-content\/uploads\/2026\/03\/FEHER-2.png","width":1946,"height":467,"caption":"Help Car Service KFt."},"image":{"@id":"https:\/\/helpcar.hu\/staging\/#\/schema\/logo\/image\/"}}]}},"_links":{"self":[{"href":"https:\/\/helpcar.hu\/staging\/wp-json\/wp\/v2\/pages\/1867","targetHints":{"allow":["GET"]}}],"collection":[{"href":"https:\/\/helpcar.hu\/staging\/wp-json\/wp\/v2\/pages"}],"about":[{"href":"https:\/\/helpcar.hu\/staging\/wp-json\/wp\/v2\/types\/page"}],"author":[{"embeddable":true,"href":"https:\/\/helpcar.hu\/staging\/wp-json\/wp\/v2\/users\/1"}],"replies":[{"embeddable":true,"href":"https:\/\/helpcar.hu\/staging\/wp-json\/wp\/v2\/comments?post=1867"}],"version-history":[{"count":19,"href":"https:\/\/helpcar.hu\/staging\/wp-json\/wp\/v2\/pages\/1867\/revisions"}],"predecessor-version":[{"id":7190,"href":"https:\/\/helpcar.hu\/staging\/wp-json\/wp\/v2\/pages\/1867\/revisions\/7190"}],"wp:attachment":[{"href":"https:\/\/helpcar.hu\/staging\/wp-json\/wp\/v2\/media?parent=1867"}],"curies":[{"name":"wp","href":"https:\/\/api.w.org\/{rel}","templated":true}]}}